{"id":2107,"date":"2019-12-16T08:16:13","date_gmt":"2019-12-16T08:16:13","guid":{"rendered":"http:\/\/avantage.bold-themes.com\/hr\/?page_id=2107"},"modified":"2021-10-07T11:49:34","modified_gmt":"2021-10-07T11:49:34","slug":"istoric","status":"publish","type":"page","link":"https:\/\/old.hrplus.ro\/?page_id=2107","title":{"rendered":"Istoric Companie"},"content":{"rendered":"<section id=\"bt_bb_section69e00c587e4ad\" class=\"bt_bb_section bt_bb_layout_boxed_1200 bt_bb_vertical_align_top bt_bb_top_spacing_extra_large bt_bb_bottom_spacing_large\" style=\"background-position:center 20%;background-size:contain;\" data-bt-override-class=\"null\"><div class=\"bt_bb_background_image_holder_wrapper\"><div class=\"bt_bb_background_image_holder btLazyLoadBackground\"  data-background_image_src=\"https:\/\/old.hrplus.ro\/wp-content\/uploads\/2019\/04\/bgn-people.png\" data-parallax-zoom-start=\"1\" data-parallax-zoom-end=\"1\" data-parallax-blur-start=\"0\" data-parallax-blur-end=\"0\" data-parallax-opacity-start=\"1\" data-parallax-opacity-end=\"1\" style=\" background-image: url(&#039;https:\/\/old.hrplus.ro\/wp-content\/plugins\/bold-page-builder\/img\/blank.gif&#039;);\"><\/div><\/div><div class=\"bt_bb_port\"><div class=\"bt_bb_cell\"><div class=\"bt_bb_cell_inner\"><div class=\"bt_bb_row_wrapper\"><div  class=\"bt_bb_row\"  data-bt-override-class=\"{}\"><div  class=\"bt_bb_column col-xl-12 col-xs-12 col-sm-12 col-md-12 col-lg-12 bt_bb_align_left bt_bb_vertical_align_top bt_bb_animation_fade_in zoom_out animate bt_bb_padding_normal bt_bb_animation_fade_in bt_bb_animation_zoom_out animate\"  data-width=\"12\" data-bt-override-class=\"{}\"><div class=\"bt_bb_column_content\"><header class=\"bt_bb_headline bt_bb_dash_none bt_bb_superheadline bt_bb_superheadline_outside bt_bb_subheadline bt_bb_size_large bt_bb_align_center\" data-bt-override-class=\"{&quot;bt_bb_size_&quot;:{&quot;current_class&quot;:&quot;bt_bb_size_large&quot;,&quot;xxl&quot;:&quot;large&quot;,&quot;xl&quot;:&quot;large&quot;},&quot;bt_bb_align_&quot;:{&quot;current_class&quot;:&quot;bt_bb_align_center&quot;,&quot;xxl&quot;:&quot;center&quot;,&quot;xl&quot;:&quot;center&quot;}}\"><div class=\"bt_bb_headline_superheadline_outside\"><span class=\"bt_bb_headline_superheadline\">\u00ceNDR\u0102ZNE\u0218TE EXPLOREAZ\u0102 CREEAZ\u0102 CONECTEAZ\u0102<\/span><\/div><h2 class=\"bt_bb_headline_tag\"><span class=\"bt_bb_headline_content\"><span><b>Peste 7 ani experien\u021b\u0103<\/b><br \/>\r\n<u>\u00een domeniul Resurselor Umane<\/u><\/span><\/span><\/h2><div class=\"bt_bb_headline_subheadline\">Ne proiect\u0103m solu\u021biile av\u00e2nd \u00een vedere succesul dvs., astfel \u00eenc\u00e2t s\u0103 pute\u021bi \u00eembun\u0103t\u0103\u021bi continuu aspectele care vor avea cel mai mare impact asupra productivit\u0103\u021bii companiei.<\/div><\/header><div class=\"bt_bb_separator bt_bb_border_style_none bt_bb_bottom_spacing_medium\" data-bt-override-class=\"null\"><\/div><div class=\"bt_bb_row_wrapper\"><div  class=\"bt_bb_row_inner\"  data-bt-override-class=\"{}\"><div  class=\"bt_bb_column_inner col-xl-6 bt_bb_align_center bt_bb_vertical_align_top bt_bb_padding_normal\"  data-width=\"6\" data-bt-override-class=\"{}\"><div class=\"bt_bb_column_inner_content\"><div class=\"bt_bb_progress_bar_advanced animate-adv_progressbar bt_bb_size_xlarge\" style=\"max-width: 200px; margin-left: auto; margin-right: auto;\"  data-container=\"container_71763\" data-container-pbid=\"71763\" data-container-type=\"circle\" data-container-percentage=\"0.96\" data-container-text-color=\"#323743\" data-container-stroke-width=\"4\" data-container-trail-color=\"#f1f1f2\" data-container-trail-width=\"4\" data-container-easing=\"easeInOut\" data-container-color-from=\"#f1f1f2\" data-container-depth-from=\"4\" data-container-color-to=\"#b73235\" data-container-depth-to=\"4\" data-container-fill=\"\" data-container-icon=\"teamwork_e924\" data-container-duration=\"1400\" data-container-text=\"\"><div id=\"container_71763\" class=\"container\"><\/div><\/div><div class=\"bt_bb_separator bt_bb_border_style_none bt_bb_top_spacing_small\" data-bt-override-class=\"null\"><\/div><header class=\"bt_bb_headline bt_bb_dash_none bt_bb_subheadline bt_bb_size_small bt_bb_align_inherit\" data-bt-override-class=\"{&quot;bt_bb_size_&quot;:{&quot;current_class&quot;:&quot;bt_bb_size_small&quot;,&quot;xxl&quot;:&quot;small&quot;,&quot;xl&quot;:&quot;small&quot;},&quot;bt_bb_align_&quot;:{&quot;current_class&quot;:&quot;bt_bb_align_inherit&quot;,&quot;xxl&quot;:&quot;inherit&quot;,&quot;xl&quot;:&quot;inherit&quot;}}\"><h4 class=\"bt_bb_headline_tag\"><span class=\"bt_bb_headline_content\"><span><u>Oamenii potrivi\u021bi<\/u><\/span><\/span><\/h4><div class=\"bt_bb_headline_subheadline\">\u015etim ce \u00ee\u0219i doresc angajatorii dar luam \u00een calcul \u015fi dorin\u021bele candida\u021bilor.<\/div><\/header><div class=\"bt_bb_separator bt_bb_border_style_none bt_bb_bottom_spacing_medium\" data-bt-override-class=\"null\"><\/div><\/div><\/div><div  class=\"bt_bb_column_inner col-xl-6 bt_bb_align_center bt_bb_vertical_align_top bt_bb_padding_normal\"  data-width=\"6\" data-bt-override-class=\"{}\"><div class=\"bt_bb_column_inner_content\"><div class=\"bt_bb_progress_bar_advanced animate-adv_progressbar bt_bb_size_xlarge\" style=\"max-width: 200px; margin-left: auto; margin-right: auto;\"  data-container=\"container_8055\" data-container-pbid=\"8055\" data-container-type=\"circle\" data-container-percentage=\"0.92\" data-container-text-color=\"#323743\" data-container-stroke-width=\"4\" data-container-trail-color=\"#f1f1f2\" data-container-trail-width=\"4\" data-container-easing=\"easeInOut\" data-container-color-from=\"#f1f1f2\" data-container-depth-from=\"4\" data-container-color-to=\"#b73235\" data-container-depth-to=\"4\" data-container-fill=\"\" data-container-icon=\"teamwork2_e918\" data-container-duration=\"1400\" data-container-text=\"\"><div id=\"container_8055\" class=\"container\"><\/div><\/div><div class=\"bt_bb_separator bt_bb_border_style_none bt_bb_top_spacing_small\" data-bt-override-class=\"null\"><\/div><header class=\"bt_bb_headline bt_bb_dash_none bt_bb_subheadline bt_bb_size_small bt_bb_align_inherit\" data-bt-override-class=\"{&quot;bt_bb_size_&quot;:{&quot;current_class&quot;:&quot;bt_bb_size_small&quot;,&quot;xxl&quot;:&quot;small&quot;,&quot;xl&quot;:&quot;small&quot;},&quot;bt_bb_align_&quot;:{&quot;current_class&quot;:&quot;bt_bb_align_inherit&quot;,&quot;xxl&quot;:&quot;inherit&quot;,&quot;xl&quot;:&quot;inherit&quot;}}\"><h4 class=\"bt_bb_headline_tag\"><span class=\"bt_bb_headline_content\"><span><u>Match perfect \u00eentre candidat \u0219i angajator<\/u><\/span><\/span><\/h4><div class=\"bt_bb_headline_subheadline\">HR PLUS dore\u0219te s\u0103 \u00eembun\u0103t\u0103\u021beasc\u0103 procesele de resurse umane \u0219i s\u0103 medieze procesul de recrutare, astfel \u00eenc\u00e2t s\u0103 se ob\u021bin\u0103 un match perfect \u00eentre candidat \u0219i angajator.<\/div><\/header><div class=\"bt_bb_separator bt_bb_border_style_none bt_bb_bottom_spacing_medium\" data-bt-override-class=\"null\"><\/div><\/div><\/div><\/div><\/div><div class=\"bt_bb_row_wrapper\"><div  class=\"bt_bb_row_inner\"  data-bt-override-class=\"{}\"><div  class=\"bt_bb_column_inner col-xl-6 bt_bb_align_center bt_bb_vertical_align_top bt_bb_padding_normal\"  data-width=\"6\" data-bt-override-class=\"{}\"><div class=\"bt_bb_column_inner_content\"><div class=\"bt_bb_progress_bar_advanced animate-adv_progressbar bt_bb_size_xlarge\" style=\"max-width: 200px; margin-left: auto; margin-right: auto;\"  data-container=\"container_41862\" data-container-pbid=\"41862\" data-container-type=\"circle\" data-container-percentage=\"0.98\" data-container-text-color=\"#323743\" data-container-stroke-width=\"4\" data-container-trail-color=\"#f1f1f2\" data-container-trail-width=\"4\" data-container-easing=\"easeInOut\" data-container-color-from=\"#f1f1f2\" data-container-depth-from=\"4\" data-container-color-to=\"#b73235\" data-container-depth-to=\"4\" data-container-fill=\"\" data-container-icon=\"teamwork_e902\" data-container-duration=\"1400\" data-container-text=\"\"><div id=\"container_41862\" class=\"container\"><\/div><\/div><div class=\"bt_bb_separator bt_bb_border_style_none bt_bb_top_spacing_small\" data-bt-override-class=\"null\"><\/div><header class=\"bt_bb_headline bt_bb_dash_none bt_bb_subheadline bt_bb_size_small bt_bb_align_inherit\" data-bt-override-class=\"{&quot;bt_bb_size_&quot;:{&quot;current_class&quot;:&quot;bt_bb_size_small&quot;,&quot;xxl&quot;:&quot;small&quot;,&quot;xl&quot;:&quot;small&quot;},&quot;bt_bb_align_&quot;:{&quot;current_class&quot;:&quot;bt_bb_align_inherit&quot;,&quot;xxl&quot;:&quot;inherit&quot;,&quot;xl&quot;:&quot;inherit&quot;}}\"><h4 class=\"bt_bb_headline_tag\"><span class=\"bt_bb_headline_content\"><span><u>Flux personal<\/u><\/span><\/span><\/h4><div class=\"bt_bb_headline_subheadline\">S-a constatat faptul c\u0103 persoanele recrutate de c\u0103tre noi, au r\u0103mas \u00een companiile-finale pentru o perioad\u0103 de timp mult mai mare.<\/div><\/header><div class=\"bt_bb_separator bt_bb_border_style_none bt_bb_bottom_spacing_medium\" data-bt-override-class=\"null\"><\/div><\/div><\/div><div  class=\"bt_bb_column_inner col-xl-6 bt_bb_align_center bt_bb_vertical_align_top bt_bb_padding_normal\"  data-width=\"6\" data-bt-override-class=\"{}\"><div class=\"bt_bb_column_inner_content\"><div class=\"bt_bb_progress_bar_advanced animate-adv_progressbar bt_bb_size_xlarge\" style=\"max-width: 200px; margin-left: auto; margin-right: auto;\"  data-container=\"container_57447\" data-container-pbid=\"57447\" data-container-type=\"circle\" data-container-percentage=\"0.87\" data-container-text-color=\"#323743\" data-container-stroke-width=\"4\" data-container-trail-color=\"#f1f1f2\" data-container-trail-width=\"4\" data-container-easing=\"easeInOut\" data-container-color-from=\"#f1f1f2\" data-container-depth-from=\"4\" data-container-color-to=\"#b73235\" data-container-depth-to=\"4\" data-container-fill=\"\" data-container-icon=\"teamwork_e928\" data-container-duration=\"1400\" data-container-text=\"\"><div id=\"container_57447\" class=\"container\"><\/div><\/div><div class=\"bt_bb_separator bt_bb_border_style_none bt_bb_top_spacing_small\" data-bt-override-class=\"null\"><\/div><header class=\"bt_bb_headline bt_bb_dash_none bt_bb_subheadline bt_bb_size_small bt_bb_align_inherit\" data-bt-override-class=\"{&quot;bt_bb_size_&quot;:{&quot;current_class&quot;:&quot;bt_bb_size_small&quot;,&quot;xxl&quot;:&quot;small&quot;,&quot;xl&quot;:&quot;small&quot;},&quot;bt_bb_align_&quot;:{&quot;current_class&quot;:&quot;bt_bb_align_inherit&quot;,&quot;xxl&quot;:&quot;inherit&quot;,&quot;xl&quot;:&quot;inherit&quot;}}\"><h4 class=\"bt_bb_headline_tag\"><span class=\"bt_bb_headline_content\"><span><u>Progres<\/u><\/span><\/span><\/h4><div class=\"bt_bb_headline_subheadline\">Ne adapt\u0103m permanent serviciile pentru a oferi cele mai bune rezultate clien\u021bilor no\u0219tri.<\/div><\/header><div class=\"bt_bb_separator bt_bb_border_style_none bt_bb_bottom_spacing_medium\" data-bt-override-class=\"null\"><\/div><\/div><\/div><\/div><\/div><div class=\"bt_bb_separator bt_bb_border_style_solid bt_bb_bottom_spacing_medium\" style=\"; border-width: 2px\" data-bt-override-class=\"null\"><\/div><div  class=\"bt_bb_text\" ><p style=\"text-align: center;\"><strong>Credem \u00een luarea deciziilor corecte pentru a ne dezvolta \u0219i \u00eembun\u0103t\u0103\u021bii continuu, astfel \u00eenc\u00e2t abordarea \u0219i tehnologiile utilizate v\u0103 permit s\u0103 face\u021bi acela\u0219i lucru.<\/strong><\/p>\n<\/div><\/div><\/div><\/div><\/div><\/div><!-- cell_inner --><\/div><!-- cell --><\/div><!-- port --><\/section><section id=\"bt_bb_section69e00c587f146\" class=\"bt_bb_section bt_bb_layout_boxed_1200 bt_bb_vertical_align_top bt_bb_background_overlay_light_solid bt_bb_top_spacing_large bt_bb_bottom_spacing_large\"  data-bt-override-class=\"null\"><div class=\"bt_bb_background_image_holder_wrapper\"><div class=\"bt_bb_background_image_holder btLazyLoadBackground bt_bb_parallax\"  data-background_image_src=\"https:\/\/old.hrplus.ro\/wp-content\/uploads\/2021\/10\/img7.png\" data-parallax=\"0.85\" data-parallax-offset=\"-150\" data-parallax-zoom-start=\"1\" data-parallax-zoom-end=\"1\" data-parallax-blur-start=\"0\" data-parallax-blur-end=\"0\" data-parallax-opacity-start=\"1\" data-parallax-opacity-end=\"1\" style=\" background-image: url(&#039;https:\/\/old.hrplus.ro\/wp-content\/plugins\/bold-page-builder\/img\/blank.gif&#039;);\"><\/div><\/div><div class=\"bt_bb_port\"><div class=\"bt_bb_cell\"><div class=\"bt_bb_cell_inner\"><div class=\"bt_bb_row_wrapper\"><div  class=\"bt_bb_row\"  data-bt-override-class=\"{}\"><div  class=\"bt_bb_column col-xl-3 bt_bb_align_left bt_bb_vertical_align_top bt_bb_padding_normal\"  data-width=\"3\" data-bt-override-class=\"{}\"><div class=\"bt_bb_column_content\"><\/div><\/div><div  class=\"bt_bb_column col-xl-6 bt_bb_align_center bt_bb_vertical_align_top bt_bb_padding_normal\"  data-width=\"6\" data-bt-override-class=\"{}\"><div class=\"bt_bb_column_content\"><div  class=\"bt_bb_text\" ><blockquote>\n<p style=\"text-align: center;\"><em>Suntem un partener strategic al companiilor <span style=\"font-size: x-large;\">\u0219i<\/span> nu doar un simplu furnizor de servicii de recrutare. <\/em><\/p>\n<p style=\"text-align: center;\"><em>Ne adapt<span style=\"font-size: x-large;\">\u0103<\/span>m permanent serviciile pentru a oferi cele mai bune rezultate clien<span style=\"font-size: x-large;\">\u021b<\/span>ilor no<span style=\"font-size: x-large;\">\u0219<\/span>tri.<\/em><\/p>\n<\/blockquote>\n<\/div><\/div><\/div><div  class=\"bt_bb_column col-xl-3 bt_bb_align_left bt_bb_vertical_align_top bt_bb_padding_normal\"  data-width=\"3\" data-bt-override-class=\"{}\"><div class=\"bt_bb_column_content\"><\/div><\/div><\/div><\/div><\/div><!-- cell_inner --><\/div><!-- cell --><\/div><!-- port --><\/section><section id=\"bt_bb_section69e00c587f36d\" class=\"bt_bb_section bt_bb_layout_boxed_1200 bt_bb_vertical_align_top bt_bb_top_spacing_large bt_bb_bottom_spacing_large\"  data-bt-override-class=\"null\"><div class=\"bt_bb_port\"><div class=\"bt_bb_cell\"><div class=\"bt_bb_cell_inner\"><div class=\"bt_bb_row_wrapper\"><div  class=\"bt_bb_row\"  data-bt-override-class=\"{}\"><div  class=\"bt_bb_column col-xl-12 col-xs-12 col-sm-12 col-md-12 col-lg-12 bt_bb_align_left bt_bb_vertical_align_top bt_bb_animation_fade_in zoom_out animate bt_bb_padding_normal bt_bb_animation_fade_in bt_bb_animation_zoom_out animate\"  data-width=\"12\" data-bt-override-class=\"{}\"><div class=\"bt_bb_column_content\"><header class=\"bt_bb_headline bt_bb_dash_none bt_bb_superheadline bt_bb_superheadline_outside bt_bb_size_normal bt_bb_align_center\" data-bt-override-class=\"{&quot;bt_bb_size_&quot;:{&quot;current_class&quot;:&quot;bt_bb_size_normal&quot;,&quot;xxl&quot;:&quot;normal&quot;,&quot;xl&quot;:&quot;normal&quot;},&quot;bt_bb_align_&quot;:{&quot;current_class&quot;:&quot;bt_bb_align_center&quot;,&quot;xxl&quot;:&quot;center&quot;,&quot;xl&quot;:&quot;center&quot;}}\"><div class=\"bt_bb_headline_superheadline_outside\"><span class=\"bt_bb_headline_superheadline\">Mai mult dec\u00e2t un Business<\/span><\/div><h2 class=\"bt_bb_headline_tag\"><span class=\"bt_bb_headline_content\"><span>Serviciile noastre reunesc componente care sunt adaptate \u00een func\u021bie de nevoile individuale ale fiec\u0103rui client.<\/span><\/span><\/h2><\/header><div class=\"bt_bb_separator bt_bb_border_style_none bt_bb_bottom_spacing_normal\" data-bt-override-class=\"null\"><\/div><\/div><\/div><\/div><\/div><div class=\"bt_bb_row_wrapper\"><div  class=\"bt_bb_row\"  data-bt-override-class=\"{}\"><div  class=\"bt_bb_column col-xl-12 bt_bb_align_left bt_bb_vertical_align_top bt_bb_padding_normal\"  data-width=\"12\" data-bt-override-class=\"{}\"><div class=\"bt_bb_column_content\"><div class=\"bt_bb_slider bt_bb_height_auto bt_bb_multiple_slides bt_bb_animation_slide animate bt_bb_arrows_size_large bt_bb_arrows_style_transparent_dark bt_bb_arrows_position_outside\"><div class=\"slick-slider\"  data-slick='{ \"lazyLoad\": \"progressive\", \"cssEase\": \"ease-out\", \"speed\": \"300\", \"adaptiveHeight\": true, \"prevArrow\": \"&lt;button type=\\\"button\\\" class=\\\"slick-prev\\\"&gt;\", \"nextArrow\": \"&lt;button type=\\\"button\\\" class=\\\"slick-next\\\"&gt;\",\"slidesToShow\": 6, \"autoplay\": true, \"autoplaySpeed\": 3000, \"responsive\": [{ \"breakpoint\": 480, \"settings\": { \"slidesToShow\": 1, \"slidesToScroll\": 1 } },{ \"breakpoint\": 768, \"settings\": { \"slidesToShow\": 2, \"slidesToScroll\": 2 } },{ \"breakpoint\": 920, \"settings\": { \"slidesToShow\": 3, \"slidesToScroll\": 3 } },{ \"breakpoint\": 1024, \"settings\": { \"slidesToShow\": 3, \"slidesToScroll\": 3 } }]}' ><\/div><\/div><\/div><\/div><\/div><\/div><\/div><!-- cell_inner --><\/div><!-- cell --><\/div><!-- port --><\/section>","protected":false},"excerpt":{"rendered":"<p>Leverage agile frameworks to provide a robust synopsis for high level overviews. Iterative approaches to corporate strategy foster collaborative thinking to further the overall value proposition. Organically grow the holistic world view of disruptive innovation.<\/p>\n","protected":false},"author":2,"featured_media":0,"parent":0,"menu_order":0,"comment_status":"closed","ping_status":"closed","template":"","meta":{"footnotes":""},"class_list":["post-2107","page","type-page","status-publish","hentry"],"_links":{"self":[{"href":"https:\/\/old.hrplus.ro\/index.php?rest_route=\/wp\/v2\/pages\/2107","targetHints":{"allow":["GET"]}}],"collection":[{"href":"https:\/\/old.hrplus.ro\/index.php?rest_route=\/wp\/v2\/pages"}],"about":[{"href":"https:\/\/old.hrplus.ro\/index.php?rest_route=\/wp\/v2\/types\/page"}],"author":[{"embeddable":true,"href":"https:\/\/old.hrplus.ro\/index.php?rest_route=\/wp\/v2\/users\/2"}],"replies":[{"embeddable":true,"href":"https:\/\/old.hrplus.ro\/index.php?rest_route=%2Fwp%2Fv2%2Fcomments&post=2107"}],"version-history":[{"count":31,"href":"https:\/\/old.hrplus.ro\/index.php?rest_route=\/wp\/v2\/pages\/2107\/revisions"}],"predecessor-version":[{"id":2580,"href":"https:\/\/old.hrplus.ro\/index.php?rest_route=\/wp\/v2\/pages\/2107\/revisions\/2580"}],"wp:attachment":[{"href":"https:\/\/old.hrplus.ro\/index.php?rest_route=%2Fwp%2Fv2%2Fmedia&parent=2107"}],"curies":[{"name":"wp","href":"https:\/\/api.w.org\/{rel}","templated":true}]}}