{"id":19,"date":"2019-04-01T07:15:16","date_gmt":"2019-04-01T07:15:16","guid":{"rendered":"http:\/\/avantage.bold-themes.com\/hr\/?page_id=19"},"modified":"2023-06-29T12:19:53","modified_gmt":"2023-06-29T12:19:53","slug":"despre-noi","status":"publish","type":"page","link":"https:\/\/old.hrplus.ro\/?page_id=19","title":{"rendered":"Cine suntem?"},"content":{"rendered":"<section data-bb-version=\"4.5.6\" id=\"bt_bb_section69e00d907b28f\" class=\"bt_bb_section bt_bb_layout_boxed_1200 bt_bb_vertical_align_top bt_bb_bottom_section_coverage_image bt_bb_section_with_bottom_coverage_image bt_bb_top_spacing_medium bt_bb_bottom_spacing_large bt_bb_section_allow_content_outside\" style=\";background-color:#f1f1f2;\" data-bt-override-class=\"{&quot;bt_bb_top_spacing_&quot;:{&quot;current_class&quot;:&quot;bt_bb_top_spacing_medium&quot;,&quot;xxl&quot;:&quot;medium&quot;},&quot;bt_bb_bottom_spacing_&quot;:{&quot;current_class&quot;:&quot;bt_bb_bottom_spacing_large&quot;,&quot;xxl&quot;:&quot;large&quot;}}\"><div class=\"bt_bb_port\"><div class=\"bt_bb_cell\"><div class=\"bt_bb_cell_inner\"><div class=\"bt_bb_row_wrapper\"><div  class=\"bt_bb_row\"  data-bt-override-class=\"{}\"><div  class=\"bt_bb_column col-xl-7 bt_bb_align_left bt_bb_vertical_align_top bt_bb_animation_fade_in animate bt_bb_padding_normal bt_bb_animation_fade_in animate\"  data-width=\"7\" data-bt-override-class=\"{}\"><div class=\"bt_bb_column_content\"><header class=\"bt_bb_headline bt_bb_dash_none bt_bb_superheadline bt_bb_superheadline_outside bt_bb_size_large bt_bb_align_inherit\" data-bt-override-class=\"{&quot;bt_bb_size_&quot;:{&quot;current_class&quot;:&quot;bt_bb_size_large&quot;,&quot;xxl&quot;:&quot;large&quot;,&quot;xl&quot;:&quot;large&quot;},&quot;bt_bb_align_&quot;:{&quot;current_class&quot;:&quot;bt_bb_align_inherit&quot;,&quot;xxl&quot;:&quot;inherit&quot;,&quot;xl&quot;:&quot;inherit&quot;}}\"><div class=\"bt_bb_headline_superheadline_outside\"><span class=\"bt_bb_headline_superheadline\">Viziunea noastr\u0103<\/span><\/div><h2 class=\"bt_bb_headline_tag\"><span class=\"bt_bb_headline_content\"><span><b>Viziunea Noastr\u0103:<\/b><br \/>\r\n<u>Un Business de Succes<\/u><\/span><\/span><\/h2><\/header><div class=\"bt_bb_separator bt_bb_border_style_none bt_bb_bottom_spacing_normal\" data-bt-override-class=\"null\"><\/div><\/div><\/div><div  class=\"bt_bb_column col-xl-5 bt_bb_align_left bt_bb_vertical_align_top bt_bb_padding_normal\"  data-width=\"5\" data-bt-override-class=\"{}\"><div class=\"bt_bb_column_content\"><\/div><\/div><\/div><\/div><div class=\"bt_bb_row_wrapper\"><div  class=\"bt_bb_row\"  data-bt-override-class=\"{}\"><div  class=\"bt_bb_column col-xl-4 bt_bb_align_left bt_bb_vertical_align_top bt_bb_animation_fade_in zoom_out animate bt_bb_padding_normal bt_bb_animation_fade_in bt_bb_animation_zoom_out animate\"  data-width=\"4\" data-bt-override-class=\"{}\"><div class=\"bt_bb_column_content\"><div class=\"bt_bb_progress_bar bt_bb_color_scheme_3 bt_bb_align_inherit bt_bb_size_normal bt_bb_style_line bt_bb_shape_rounded\" style=\"; --progress-bar-primary-color:#b73235; --progress-bar-secondary-color:#191919;\" data-bt-override-class=\"null\"><div class=\"bt_bb_progress_bar_bg\"><\/div><div class=\"bt_bb_progress_bar_inner animate\" style=\"width:98%\"><span class=\"bt_bb_progress_bar_text\">Satisfac\u021bie Clien\u021bi<\/span><\/div><\/div><div class=\"bt_bb_separator bt_bb_border_style_none bt_bb_bottom_spacing_extra_small\" data-bt-override-class=\"null\"><\/div><div class=\"bt_bb_progress_bar bt_bb_color_scheme_3 bt_bb_align_inherit bt_bb_size_normal bt_bb_style_line bt_bb_shape_rounded\" style=\"; --progress-bar-primary-color:#b73235; --progress-bar-secondary-color:#191919;\" data-bt-override-class=\"null\"><div class=\"bt_bb_progress_bar_bg\"><\/div><div class=\"bt_bb_progress_bar_inner animate\" style=\"width:95%\"><span class=\"bt_bb_progress_bar_text\">Succes Proiecte<\/span><\/div><\/div><div class=\"bt_bb_separator bt_bb_border_style_none bt_bb_bottom_spacing_extra_small\" data-bt-override-class=\"null\"><\/div><div class=\"bt_bb_progress_bar bt_bb_color_scheme_3 bt_bb_align_inherit bt_bb_size_normal bt_bb_style_line bt_bb_shape_rounded\" style=\"; --progress-bar-primary-color:#b73235; --progress-bar-secondary-color:#191919;\" data-bt-override-class=\"null\"><div class=\"bt_bb_progress_bar_bg\"><\/div><div class=\"bt_bb_progress_bar_inner animate\" style=\"width:94%\"><span class=\"bt_bb_progress_bar_text\">Solu\u021bionare probleme<\/span><\/div><\/div><div class=\"bt_bb_separator bt_bb_border_style_none bt_bb_top_spacing_extra_small bt_bb_bottom_spacing_extra_small\" data-bt-override-class=\"null\"><\/div><div  class=\"bt_bb_text\" ><p style=\"text-align: left;\">HR Plus este o companie interna\u021bional\u0103 de resurse umane, cu parteneriate \u00een mai mult de 10 \u021b\u0103ri. Scopul declarat al companiei este de a face diferen\u021ba pentru partenerii din \u00eentreaga lume, angaj\u00e2ndu-ne s\u0103 oferim servicii de cea mai \u00eenalt\u0103 calitate. Av\u00e2nd sediul central \u00een Rom\u00e2nia, la HR Plus, \u0219tim c\u0103 partenerii no\u0219tri isi doresc s\u0103 fie mai buni \u00een toate sectoarele dinamice, cu ritm rapid de dezvoltare. De aceea, abordarea noastr\u0103 este unic\u0103, personalizat\u0103 pentru clien\u021bii no\u0219tri \u0219i este conceput\u0103 pentru a contesta status quo-ul: \u00eempreun\u0103, acest lucru \u00eei ajut\u0103 pe partenerii no\u0219tri s\u0103-\u0219i ating\u0103 obiectivele de afaceri.<\/p>\n<\/div><div class=\"bt_bb_separator bt_bb_border_style_none bt_bb_bottom_spacing_normal bt_bb_hidden_md bt_bb_hidden_lg\" data-bt-override-class=\"null\"><\/div><\/div><\/div><div  class=\"bt_bb_column col-xl-4 bt_bb_align_left bt_bb_vertical_align_top bt_bb_animation_fade_in zoom_out animate bt_bb_padding_normal bt_bb_animation_fade_in bt_bb_animation_zoom_out animate\"  data-width=\"4\" data-bt-override-class=\"{}\"><div class=\"bt_bb_column_content\"><div  class=\"bt_bb_text\" ><p><strong>Calitate<\/strong> &#8211; Suntem dedica\u021bi performan\u021bei de \u00eenalt\u0103 calitate \u0219i dep\u0103\u0219irii a\u0219tept\u0103rilor clien\u021bilor no\u0219tri.<\/p>\n<p><strong>Curaj<\/strong> &#8211; Avem curajul s\u0103 cre\u0103m solu\u021bii noi, s\u0103 promov\u0103m metode de recrutare revolu\u021bionare \u0219i personalizate \u0219i s\u0103 dep\u0103\u0219im status quo-ul.<\/p>\n<p><strong>Profesionalism<\/strong> &#8211; Ne \u00eendeplinim promisiunile 100%, ne asum\u0103m responsabilitatea pentru ac\u021biunile noastre \u0219i venim mereu cu ini\u021biative noi \u00een fa\u021ba provoc\u0103rilor.<\/p>\n<p><strong>Parteneriat<\/strong> &#8211; Oper\u0103m pe baza unei comunic\u0103ri directe \u0219i oneste. Suntem convin\u0219i de faptul c\u0103 \u00eencrederea reciproc\u0103 \u0219i cooperarea ne permit s\u0103 ob\u021binem cele mai bune rezultate.<\/p>\n<\/div><div class=\"bt_bb_separator bt_bb_border_style_none bt_bb_bottom_spacing_small bt_bb_hidden_md bt_bb_hidden_lg\" data-bt-override-class=\"null\"><\/div><\/div><\/div><div  class=\"bt_bb_column col-xl-4 bt_bb_align_left bt_bb_vertical_align_top bt_bb_animation_fade_in zoom_out animate bt_bb_padding_normal bt_bb_animation_fade_in bt_bb_animation_zoom_out animate\"  data-width=\"4\" data-bt-override-class=\"{}\"><div class=\"bt_bb_column_content\"><div  class=\"bt_bb_text\" ><p>\u00cen timp ce partenerii sunt o prioritate ridicat\u0103, HR Plus este, de asemenea, angajat\u0103 \u00een scopul \u0219i misiunea sa de a accelera cre\u0219terea \u0219i dezvoltarea angaja\u021bilor \u0219i a comunit\u0103\u021bilor locale. Cultura orientat\u0103 spre scop a companiei este dedicat\u0103 \u00eembun\u0103t\u0103\u021birii vie\u021bii candida\u021bilor no\u0219tri. Echipa noastr\u0103 dinamic\u0103 aduce experien\u021b\u0103 semnificativ\u0103 \u0219i know-how, devenind un partener interna\u021bional de \u00eencredere.<\/p>\n<p>Consultan\u021bii no\u0219tri lucreaz\u0103 cu unele dintre cele mai bune companii din toat\u0103 Europa. \u00cen fiecare zi, punem \u00een leg\u0103tur\u0103 candida\u021bii cu oportunit\u0103\u021bi care le permit s\u0103 dezvolte o nou\u0103 expertiz\u0103 pentru viitor.<\/p>\n<p>Mul\u021bumit\u0103 unei comunit\u0103\u021bi de recrutori profesioni\u0219ti, reu\u0219im s\u0103 identific\u0103m \u0219i s\u0103 recrut\u0103m candida\u021bii potrivi\u021bi pentru nevoile companiei dumneavoastr\u0103. Solu\u021biile noastre v\u0103 permit s\u0103 recruta\u021bi eficient \u0219i calitativ, dar \u0219i s\u0103 v\u0103 dezvolta\u021bi \u00een mod corespunz\u0103tor business-ul.<\/p>\n<\/div><div class=\"bt_bb_separator bt_bb_border_style_none bt_bb_bottom_spacing_normal\" data-bt-override-class=\"null\"><\/div><div class=\"bt_bb_image bt_bb_shape_hard-rounded bt_bb_target_self bt_bb_align_inherit bt_bb_hover_style_simple bt_bb_content_display_always bt_bb_content_align_middle bt_bb_fill_background_color_full\" data-bt-override-class=\"{&quot;bt_bb_align_&quot;:{&quot;current_class&quot;:&quot;bt_bb_align_inherit&quot;,&quot;xxl&quot;:&quot;inherit&quot;,&quot;xl&quot;:&quot;inherit&quot;}}\"><span><\/span><\/div><\/div><\/div><\/div><\/div><\/div><!-- cell_inner --><\/div><!-- cell --><\/div><!-- port --><div class=\"bt_bb_section_bottom_section_coverage_image\"><img decoding=\"async\" src=\"https:\/\/old.hrplus.ro\/wp-content\/uploads\/2019\/04\/bgn-newsletter-curve-2.png\" alt=\"bt_bb_section_bottom_section_coverage_image\" \/><\/div><\/section><section id=\"bt_bb_section69e00d907bb4e\" class=\"bt_bb_section bt_bb_layout_boxed_1200 bt_bb_vertical_align_top bt_bb_section_show_left_boxed_content\"  data-bt-override-class=\"null\"><div class=\"bt_bb_port\"><div class=\"bt_bb_cell\"><div class=\"bt_bb_cell_inner\"><div class=\"bt_bb_row_wrapper\"><div  class=\"bt_bb_row\"  data-bt-override-class=\"{}\"><div  class=\"bt_bb_column col-xl-6 bt_bb_align_left bt_bb_vertical_align_middle bt_bb_animation_fade_in zoom_out animate bt_bb_padding_normal bt_bb_animation_fade_in bt_bb_animation_zoom_out animate\"  data-width=\"6\" data-bt-override-class=\"{}\"><div class=\"bt_bb_column_content\"><header class=\"bt_bb_headline bt_bb_dash_none bt_bb_superheadline bt_bb_size_large bt_bb_align_inherit\" data-bt-override-class=\"{&quot;bt_bb_size_&quot;:{&quot;current_class&quot;:&quot;bt_bb_size_large&quot;,&quot;xxl&quot;:&quot;large&quot;,&quot;xl&quot;:&quot;large&quot;},&quot;bt_bb_align_&quot;:{&quot;current_class&quot;:&quot;bt_bb_align_inherit&quot;,&quot;xxl&quot;:&quot;inherit&quot;,&quot;xl&quot;:&quot;inherit&quot;}}\"><h2 class=\"bt_bb_headline_tag\"><span class=\"bt_bb_headline_superheadline\">HR PLUS<\/span><span class=\"bt_bb_headline_content\"><span><b>Ce ne propunem?<\/b><br \/>\r\n<\/span><\/span><\/h2><\/header><div class=\"bt_bb_separator bt_bb_border_style_none bt_bb_bottom_spacing_normal\" data-bt-override-class=\"null\"><\/div><div class=\"bt_bb_row_wrapper\"><div  class=\"bt_bb_row_inner\"  data-bt-override-class=\"{}\"><div  class=\"bt_bb_column_inner col-xl-12 bt_bb_align_center bt_bb_vertical_align_top bt_bb_padding_normal\"  data-width=\"12\" data-bt-override-class=\"{}\"><div class=\"bt_bb_column_inner_content\"><div class=\"bt_bb_content_slider bt_bb_gap_large bt_bb_arrows_size_no_arrows bt_bb_show_dots_hide bt_bb_height_auto bt_bb_animation_slide bt_bb_multiple_slides bt_bb_animation_slide animate\" data-bt-override-class=\"{}\"><div class=\"slick-slider\"  data-slick='{ \"lazyLoad\": \"progressive\", \"cssEase\": \"ease-out\", \"speed\": \"600\", \"accessibility\": false, \"arrows\": false, \"adaptiveHeight\": true,\"slidesToShow\": 2,\"autoplay\": true, \"autoplaySpeed\": 2500,\"pauseOnHover\": false, \"responsive\": [{ \"breakpoint\": 480, \"settings\": { \"slidesToShow\": 1, \"slidesToScroll\": 1 } }]}' ><div class=\"bt_bb_content_slider_item\"><div class=\"bt_bb_content_slider_item_content content\"><div class=\"bt_bb_service bt_bb_color_scheme_6 bt_bb_style_filled bt_bb_shape_circle bt_bb_size_large bt_bb_align_inherit bt_bb_vertical_align_top\" style=\"; --service-primary-color:#ffffff; --service-secondary-color:#b73235;\" data-bt-override-class=\"null\"><span  data-ico-teamwork=\"&#xe90f;\" class=\"bt_bb_icon_holder\"><\/span><div class=\"bt_bb_service_content\"><div class=\"bt_bb_service_content_title\"><u>Recrutare personal<\/u><\/div><\/div><\/div><\/div><\/div><div class=\"bt_bb_content_slider_item\"><div class=\"bt_bb_content_slider_item_content content\"><div class=\"bt_bb_service bt_bb_color_scheme_11 bt_bb_style_filled bt_bb_shape_circle bt_bb_size_large bt_bb_align_inherit bt_bb_vertical_align_top\" style=\"; --service-primary-color:#ffffff; --service-secondary-color:#323743;\" data-bt-override-class=\"null\"><span  data-ico-teamwork=\"&#xe90b;\" class=\"bt_bb_icon_holder\"><\/span><div class=\"bt_bb_service_content\"><div class=\"bt_bb_service_content_title\"><u>Coeziune personal<\/u><\/div><\/div><\/div><\/div><\/div><div class=\"bt_bb_content_slider_item\"><div class=\"bt_bb_content_slider_item_content content\"><div class=\"bt_bb_service bt_bb_color_scheme_6 bt_bb_style_filled bt_bb_shape_circle bt_bb_size_large bt_bb_align_inherit bt_bb_vertical_align_top\" style=\"; --service-primary-color:#ffffff; --service-secondary-color:#b73235;\" data-bt-override-class=\"null\"><span  data-ico-teamwork=\"&#xe907;\" class=\"bt_bb_icon_holder\"><\/span><div class=\"bt_bb_service_content\"><div class=\"bt_bb_service_content_title\"><u>Team Leadership<\/u><\/div><\/div><\/div><\/div><\/div><div class=\"bt_bb_content_slider_item\"><div class=\"bt_bb_content_slider_item_content content\"><div class=\"bt_bb_service bt_bb_color_scheme_11 bt_bb_style_filled bt_bb_shape_circle bt_bb_size_large bt_bb_align_inherit bt_bb_vertical_align_top\" style=\"; --service-primary-color:#ffffff; --service-secondary-color:#323743;\" data-bt-override-class=\"null\"><span  data-ico-teamwork=\"&#xe904;\" class=\"bt_bb_icon_holder\"><\/span><div class=\"bt_bb_service_content\"><div class=\"bt_bb_service_content_title\"><u>Team Build Up<\/u><\/div><\/div><\/div><\/div><\/div><div class=\"bt_bb_content_slider_item\"><div class=\"bt_bb_content_slider_item_content content\"><div class=\"bt_bb_service bt_bb_color_scheme_6 bt_bb_style_filled bt_bb_shape_circle bt_bb_size_large bt_bb_align_inherit bt_bb_vertical_align_top\" style=\"; --service-primary-color:#ffffff; --service-secondary-color:#b73235;\" data-bt-override-class=\"null\"><span  data-ico-teamwork=\"&#xe90a;\" class=\"bt_bb_icon_holder\"><\/span><div class=\"bt_bb_service_content\"><div class=\"bt_bb_service_content_title\"><u>Strategii<\/u><\/div><\/div><\/div><\/div><\/div><div class=\"bt_bb_content_slider_item\"><div class=\"bt_bb_content_slider_item_content content\"><div class=\"bt_bb_service bt_bb_color_scheme_11 bt_bb_style_filled bt_bb_shape_circle bt_bb_size_large bt_bb_align_inherit bt_bb_vertical_align_top\" style=\"; --service-primary-color:#ffffff; --service-secondary-color:#323743;\" data-bt-override-class=\"null\"><span  data-ico-teamwork=\"&#xe93a;\" class=\"bt_bb_icon_holder\"><\/span><div class=\"bt_bb_service_content\"><div class=\"bt_bb_service_content_title\"><u>Comunicare<\/u><\/div><\/div><\/div><\/div><\/div><\/div><\/div><\/div><\/div><\/div><\/div><div class=\"bt_bb_separator bt_bb_border_style_none bt_bb_bottom_spacing_medium bt_bb_hidden_md bt_bb_hidden_lg\" data-bt-override-class=\"null\"><\/div><\/div><\/div><div  class=\"bt_bb_column col-xl-6 bt_bb_align_left bt_bb_vertical_align_top bt_bb_animation_fade_in animate bt_bb_padding_double bt_bb_animation_fade_in animate\"  data-width=\"6\" data-bt-override-class=\"{}\"><div class=\"bt_bb_column_content\"><div class=\"bt_bb_image bt_bb_shape_square bt_bb_target_self bt_bb_align_inherit bt_bb_hover_style_simple bt_bb_content_display_always bt_bb_content_align_middle bt_bb_fill_background_color_full\" data-bt-override-class=\"{&quot;bt_bb_align_&quot;:{&quot;current_class&quot;:&quot;bt_bb_align_inherit&quot;,&quot;xxl&quot;:&quot;inherit&quot;,&quot;xl&quot;:&quot;inherit&quot;}}\"><span><img loading=\"lazy\" decoding=\"async\" width=\"800\" height=\"801\" src=\"https:\/\/old.hrplus.ro\/wp-content\/uploads\/2021\/10\/img9-1-e1633603338408.png\" class=\"attachment-full size-full\" alt=\"https:\/\/old.hrplus.ro\/wp-content\/uploads\/2021\/10\/img9-1-e1633603338408.png\" data-full_image_src=\"https:\/\/old.hrplus.ro\/wp-content\/uploads\/2021\/10\/img9-1-e1633603338408.png\" title=\"img9\" \/><\/span><\/div><div class=\"bt_bb_separator bt_bb_border_style_none bt_bb_bottom_spacing_medium bt_bb_hidden_md bt_bb_hidden_lg\" data-bt-override-class=\"null\"><\/div><\/div><\/div><\/div><\/div><\/div><!-- cell_inner --><\/div><!-- cell --><\/div><!-- port --><\/section>","protected":false},"excerpt":{"rendered":"<p>Podcasting operational change management inside of workflows to establish a framework. Taking seamless key performance indicators offline to maximise the long tail. Keeping your eye on the ball while performing a deep dive.<\/p>\n","protected":false},"author":2,"featured_media":2519,"parent":0,"menu_order":0,"comment_status":"closed","ping_status":"closed","template":"","meta":{"footnotes":""},"class_list":["post-19","page","type-page","status-publish","has-post-thumbnail","hentry"],"_links":{"self":[{"href":"https:\/\/old.hrplus.ro\/index.php?rest_route=\/wp\/v2\/pages\/19","targetHints":{"allow":["GET"]}}],"collection":[{"href":"https:\/\/old.hrplus.ro\/index.php?rest_route=\/wp\/v2\/pages"}],"about":[{"href":"https:\/\/old.hrplus.ro\/index.php?rest_route=\/wp\/v2\/types\/page"}],"author":[{"embeddable":true,"href":"https:\/\/old.hrplus.ro\/index.php?rest_route=\/wp\/v2\/users\/2"}],"replies":[{"embeddable":true,"href":"https:\/\/old.hrplus.ro\/index.php?rest_route=%2Fwp%2Fv2%2Fcomments&post=19"}],"version-history":[{"count":33,"href":"https:\/\/old.hrplus.ro\/index.php?rest_route=\/wp\/v2\/pages\/19\/revisions"}],"predecessor-version":[{"id":2779,"href":"https:\/\/old.hrplus.ro\/index.php?rest_route=\/wp\/v2\/pages\/19\/revisions\/2779"}],"wp:featuredmedia":[{"embeddable":true,"href":"https:\/\/old.hrplus.ro\/index.php?rest_route=\/wp\/v2\/media\/2519"}],"wp:attachment":[{"href":"https:\/\/old.hrplus.ro\/index.php?rest_route=%2Fwp%2Fv2%2Fmedia&parent=19"}],"curies":[{"name":"wp","href":"https:\/\/api.w.org\/{rel}","templated":true}]}}